{"id":1553,"date":"2023-09-12T10:12:13","date_gmt":"2023-09-12T09:12:13","guid":{"rendered":"https:\/\/spaice.esa.int\/esaaiconf\/?page_id=9"},"modified":"2025-10-08T16:35:37","modified_gmt":"2025-10-08T16:35:37","slug":"organisers","status":"publish","type":"page","link":"https:\/\/spaice.esa.int\/2024\/organisers\/","title":{"rendered":"Organisers"},"content":{"rendered":"\n<h3 class=\"wp-block-heading\" id=\"organisers\">Organising committee<\/h3>\n\n\n\n<ul class=\"wp-block-list\">\n<li>Tomas Navarro (European Space Agency, ECSAT)<\/li>\n\n\n\n<li>Ana Stroescu (European Space Agency, ECSAT)<\/li>\n\n\n\n<li>Gianluca Furano (European Space Agency, ESTEC)<\/li>\n<\/ul>\n\n\n\n<h3 class=\"wp-block-heading\">Scientific committee<\/h3>\n\n\n\n<h4 class=\"wp-block-heading\">Chairs<\/h4>\n\n\n\n<ul class=\"wp-block-list\">\n<li>Dominik Dold (European Space Agency, ESTEC; University of Vienna)<\/li>\n\n\n\n<li>Alexander Hadjiivanov (European Space Agency, ESTEC)<\/li>\n\n\n\n<li>Dario Izzo (European Space Agency, ESTEC)<\/li>\n<\/ul>\n\n\n\n<h4 class=\"wp-block-heading\">Members<\/h4>\n\n\n\n<ul class=\"wp-block-list\">\n<li>Alejandro Garc\u00eda Gener (Collins Aerospace)<\/li>\n\n\n\n<li>Alessandro Zavoli (Universit\u00e0 di Roma)<\/li>\n\n\n\n<li>Audrey Berquand (European Space Agency, ESTEC)<\/li>\n\n\n\n<li>Bertrand Le Saux<\/li>\n\n\n\n<li>Binfeng Pan (Northwestern Polytechnical University)<\/li>\n\n\n\n<li>Daniel J. Crichton (NASA Jet Propulsion Laboratory)<\/li>\n\n\n\n<li>David Steenari (European Space Agency, ESTEC)<\/li>\n\n\n\n<li>Emmanuel Blazquez (European Space Agency, ESTEC)<\/li>\n\n\n\n<li>Evana Gizzi (NASA Goddard Space Flight Center)<\/li>\n\n\n\n<li>Evridiki V. Ntagiou (European Space Agency, ESOC)<\/li>\n\n\n\n<li>Gabriele Meoni (European Space Agency, ESRIN)<\/li>\n\n\n\n<li>Gilles Bezard (Brainchip)<\/li>\n\n\n\n<li>Giorgia Dellaferrera<\/li>\n\n\n\n<li>Gregor Lenz (Neurobus)<\/li>\n\n\n\n<li>Gregory Cohen (Western Sydney University)<\/li>\n\n\n\n<li>Ignacio L\u00f3pez-Francos (NASA Ames Research Center)<\/li>\n\n\n\n<li>Laura Kriener (University of Bern)<\/li>\n\n\n\n<li>Laurent Hili (European Space Agency, ESTEC)<\/li>\n\n\n\n<li>Lu\u00eds F. Sim\u00f5es (ML Analytics)<\/li>\n\n\n\n<li>Manuel L\u00f3pez-Ib\u00e1\u00f1ez (University of Manchester)<\/li>\n\n\n\n<li>Marcus M\u00e4rtens (University of Adelaide)<\/li>\n\n\n\n<li>Massimo Casasco (European Space Agency, ESTEC)<\/li>\n\n\n\n<li>Michele Ginolfi (University of Florence)<\/li>\n\n\n\n<li>Peter Humphreys (Google Deepmind)<\/li>\n\n\n\n<li>Philipp Petersen (University of Vienna)<\/li>\n\n\n\n<li>Prashin Jethwa (University of Vienna)<\/li>\n\n\n\n<li>Simone Fratini (Solenix)<\/li>\n\n\n\n<li>Tat-Jun Chin (University of Adelaide)<\/li>\n\n\n\n<li>Vicente Navarro (European Space Agency, ESAC)<\/li>\n\n\n\n<li>Zacharia A. Rudge (TU Delft &amp; European Space Agency, ESTEC)<\/li>\n<\/ul>\n\n\n\n<p>The scientific committee thanks Sebastien Origer (European Space Agency, ESTEC), Anna Jungbluth (European Space Agency, ECSAT), and Jan Reerink (European Space Agency, ESAC) for their help during the review process. <\/p>\n\n\n\n<p><strong>Logo design: <\/strong>Zacharia A. Rudge (TU Delft &amp; European Space Agency, ESTEC)<\/p>\n","protected":false},"excerpt":{"rendered":"<p>Organising committee Scientific committee Chairs Members The scientific committee thanks Sebastien Origer (European Space Agency, ESTEC), Anna Jungbluth (European Space Agency, ECSAT), and Jan Reerink (European Space Agency, ESAC) for their help during the review process. Logo design: Zacharia A. Rudge (TU Delft &amp; European Space Agency, ESTEC)<\/p>\n","protected":false},"author":1,"featured_media":0,"parent":0,"menu_order":0,"comment_status":"closed","ping_status":"closed","template":"","meta":{"neve_meta_sidebar":"","neve_meta_container":"","neve_meta_enable_content_width":"on","neve_meta_content_width":100,"neve_meta_title_alignment":"","neve_meta_author_avatar":"","neve_post_elements_order":"","neve_meta_disable_header":"","neve_meta_disable_footer":"","neve_meta_disable_title":"off","footnotes":""},"class_list":["post-1553","page","type-page","status-publish","hentry"],"_links":{"self":[{"href":"https:\/\/spaice.esa.int\/2024\/wp-json\/wp\/v2\/pages\/1553","targetHints":{"allow":["GET"]}}],"collection":[{"href":"https:\/\/spaice.esa.int\/2024\/wp-json\/wp\/v2\/pages"}],"about":[{"href":"https:\/\/spaice.esa.int\/2024\/wp-json\/wp\/v2\/types\/page"}],"author":[{"embeddable":true,"href":"https:\/\/spaice.esa.int\/2024\/wp-json\/wp\/v2\/users\/1"}],"replies":[{"embeddable":true,"href":"https:\/\/spaice.esa.int\/2024\/wp-json\/wp\/v2\/comments?post=1553"}],"version-history":[{"count":1,"href":"https:\/\/spaice.esa.int\/2024\/wp-json\/wp\/v2\/pages\/1553\/revisions"}],"predecessor-version":[{"id":1587,"href":"https:\/\/spaice.esa.int\/2024\/wp-json\/wp\/v2\/pages\/1553\/revisions\/1587"}],"wp:attachment":[{"href":"https:\/\/spaice.esa.int\/2024\/wp-json\/wp\/v2\/media?parent=1553"}],"curies":[{"name":"wp","href":"https:\/\/api.w.org\/{rel}","templated":true}]}}